{"id":7226,"date":"2024-04-11T17:41:01","date_gmt":"2024-04-11T15:41:01","guid":{"rendered":"https:\/\/www.cvs-avocats.com\/?page_id=7226"},"modified":"2024-04-12T16:23:02","modified_gmt":"2024-04-12T14:23:02","slug":"relations-commerciales-audit-des-risques","status":"publish","type":"page","link":"https:\/\/www.cvs-avocats.com\/fr\/relations-commerciales-audit-des-risques\/","title":{"rendered":"Relations commerciales : audit des risques"},"content":{"rendered":"\n<div class=\"wp-block-group\"><div class=\"wp-block-group__inner-container is-layout-constrained wp-block-group-is-layout-constrained\">\n<h2 class=\"wp-block-heading\">Comment \u00e7a marche ?<\/h2>\n\n\n\n<p>D\u00e9couvrez en vid\u00e9o notre service num\u00e9rique d&rsquo;audit des relations commerciales.<\/p>\n\n\n\n<figure class=\"wp-block-video\"><video height=\"1080\" style=\"aspect-ratio: 1920 \/ 1080;\" width=\"1920\" controls src=\"https:\/\/www.cvs-avocats.com\/wp-content\/uploads\/2024\/04\/03_Audit-_VNEW.mp4\"><\/video><\/figure>\n\n\n\n<p>Cornet Vincent S\u00e9gurel vous propose de r\u00e9aliser un audit des risques li\u00e9s \u00e0 vos relations commerciales (CGV, Contrats fournisseurs).<\/p>\n\n\n\n<h3 class=\"wp-block-heading\"><strong>POURQUOI AUDITER LES RISQUES LI\u00c9S \u00c0 VOS RELATIONS COMMERCIALES ?<\/strong><\/h3>\n\n\n\n<ul class=\"wp-block-list\">\n<li>Vous manquez de visibilit\u00e9 sur les risques juridiques li\u00e9s \u00e0 vos relations commerciales<\/li>\n\n\n\n<li>Vous souhaitez \u00eatre libre de choisir vos partenaires commerciaux<\/li>\n\n\n\n<li>Vous voulez \u00e9viter un contentieux co\u00fbteux relatif \u00e0 la rupture de vos relations commerciales<\/li>\n<\/ul>\n\n\n\n<h3 class=\"wp-block-heading\"><strong>CORNET VINCENT S\u00c9GUREL VOUS ACCOMPAGNE :<\/strong>&nbsp;<\/h3>\n\n\n\n<ul class=\"wp-block-list\">\n<li>En r\u00e9alisant un audit de vos relations commerciales, \u00e0 un instant T (Contrats fournisseurs et CGV)<\/li>\n\n\n\n<li>En classant les risques identifi\u00e9s sur trois niveaux : faible, moyen, \u00e9lev\u00e9<\/li>\n\n\n\n<li>En vous remettant une cartographie des partenaires commerciaux \u00e0 risques et un rapport lisible proposant des solutions \u00e0 mettre en place<\/li>\n<\/ul>\n<\/div><\/div>\n\n\n\n<div class=\"wp-block-group has-lightgrey-background-color has-background\"><div class=\"wp-block-group__inner-container is-layout-constrained wp-block-group-is-layout-constrained\">\n<h2 class=\"wp-block-heading has-text-align-center\">Avantages<\/h2>\n\n\n\n<div class=\"wp-block-columns is-layout-flex wp-container-core-columns-is-layout-9d6595d7 wp-block-columns-is-layout-flex\">\n<div class=\"wp-block-column is-layout-flow wp-block-column-is-layout-flow\"><div class=\"wp-block-image\">\n<figure class=\"aligncenter size-full\"><img decoding=\"async\" width=\"64\" height=\"64\" data-src=\"https:\/\/www.cvs-avocats.com\/wp-content\/uploads\/2024\/04\/Relations-commerciales-audit-des-risques-Avantage-1.png\" alt=\"\" class=\"wp-image-7257 lazyload\" data-srcset=\"https:\/\/www.cvs-avocats.com\/wp-content\/uploads\/2024\/04\/Relations-commerciales-audit-des-risques-Avantage-1.png 64w, https:\/\/www.cvs-avocats.com\/wp-content\/uploads\/2024\/04\/Relations-commerciales-audit-des-risques-Avantage-1-60x60.png 60w\" data-sizes=\"(max-width: 64px) 100vw, 64px\" src=\"data:image\/svg+xml;base64,PHN2ZyB3aWR0aD0iMSIgaGVpZ2h0PSIxIiB4bWxucz0iaHR0cDovL3d3dy53My5vcmcvMjAwMC9zdmciPjwvc3ZnPg==\" style=\"--smush-placeholder-width: 64px; --smush-placeholder-aspect-ratio: 64\/64;\" \/><\/figure>\n<\/div>\n\n\n<p class=\"has-text-align-center\">Un outil lisible, permettant une identification rapide du risque<\/p>\n<\/div>\n\n\n\n<div class=\"wp-block-column is-layout-flow wp-block-column-is-layout-flow\"><div class=\"wp-block-image\">\n<figure class=\"aligncenter size-full\"><img decoding=\"async\" width=\"64\" height=\"64\" data-src=\"https:\/\/www.cvs-avocats.com\/wp-content\/uploads\/2024\/04\/Relations-commerciales-audit-des-risques-Avantage-2.png\" alt=\"\" class=\"wp-image-7259 lazyload\" data-srcset=\"https:\/\/www.cvs-avocats.com\/wp-content\/uploads\/2024\/04\/Relations-commerciales-audit-des-risques-Avantage-2.png 64w, https:\/\/www.cvs-avocats.com\/wp-content\/uploads\/2024\/04\/Relations-commerciales-audit-des-risques-Avantage-2-60x60.png 60w\" data-sizes=\"(max-width: 64px) 100vw, 64px\" src=\"data:image\/svg+xml;base64,PHN2ZyB3aWR0aD0iMSIgaGVpZ2h0PSIxIiB4bWxucz0iaHR0cDovL3d3dy53My5vcmcvMjAwMC9zdmciPjwvc3ZnPg==\" style=\"--smush-placeholder-width: 64px; --smush-placeholder-aspect-ratio: 64\/64;\" \/><\/figure>\n<\/div>\n\n\n<p class=\"has-text-align-center\">Des propositions de solutions adapt\u00e9es \u00e0 votre activit\u00e9, vos besoins et vos relations commerciales<\/p>\n<\/div>\n\n\n\n<div class=\"wp-block-column is-layout-flow wp-block-column-is-layout-flow\"><div class=\"wp-block-image\">\n<figure class=\"aligncenter size-full\"><img decoding=\"async\" width=\"64\" height=\"64\" data-src=\"https:\/\/www.cvs-avocats.com\/wp-content\/uploads\/2024\/04\/Relations-commerciales-audit-des-risques-Avantage-3.png\" alt=\"\" class=\"wp-image-7261 lazyload\" data-srcset=\"https:\/\/www.cvs-avocats.com\/wp-content\/uploads\/2024\/04\/Relations-commerciales-audit-des-risques-Avantage-3.png 64w, https:\/\/www.cvs-avocats.com\/wp-content\/uploads\/2024\/04\/Relations-commerciales-audit-des-risques-Avantage-3-60x60.png 60w\" data-sizes=\"(max-width: 64px) 100vw, 64px\" src=\"data:image\/svg+xml;base64,PHN2ZyB3aWR0aD0iMSIgaGVpZ2h0PSIxIiB4bWxucz0iaHR0cDovL3d3dy53My5vcmcvMjAwMC9zdmciPjwvc3ZnPg==\" style=\"--smush-placeholder-width: 64px; --smush-placeholder-aspect-ratio: 64\/64;\" \/><\/figure>\n<\/div>\n\n\n<p class=\"has-text-align-center\">Un budget ma\u00eetris\u00e9, variable en fonction du nombre de documents soumis \u00e0 l\u2019audit<\/p>\n<\/div>\n<\/div>\n<\/div><\/div>\n\n\n\n<div class=\"wp-block-group\"><div class=\"wp-block-group__inner-container is-layout-constrained wp-block-group-is-layout-constrained\">\n<h2 class=\"wp-block-heading has-text-align-center\">Besoin de ce service juridique ?<\/h2>\n\n\n\n<div class=\"wp-block-buttons is-content-justification-center is-layout-flex wp-container-core-buttons-is-layout-16018d1d wp-block-buttons-is-layout-flex\">\n<div class=\"wp-block-button is-style-outline is-style-outline--1\"><a class=\"wp-block-button__link has-text-align-center wp-element-button\" href=\"https:\/\/www.cvs-avocats.com\/fr\/contact\/\"><strong>Contactez-nous<\/strong><\/a><\/div>\n<\/div>\n<\/div><\/div>\n","protected":false},"excerpt":{"rendered":"<p>Cornet Vincent S\u00e9gurel vous propose d\u2019auditer vos CGV et Contrats fournisseurs afin de vous offrir une visibilit\u00e9 sur les risques juridiques li\u00e9s \u00e0 vos relations commerciales et vous aider \u00e0 trouver des solutions.<\/p>\n","protected":false},"author":7,"featured_media":7315,"parent":0,"menu_order":0,"comment_status":"closed","ping_status":"closed","template":"","meta":{"_acf_changed":false,"footnotes":""},"class_list":["post-7226","page","type-page","status-publish","has-post-thumbnail","hentry"],"acf":[],"_links":{"self":[{"href":"https:\/\/www.cvs-avocats.com\/fr\/wp-json\/wp\/v2\/pages\/7226","targetHints":{"allow":["GET"]}}],"collection":[{"href":"https:\/\/www.cvs-avocats.com\/fr\/wp-json\/wp\/v2\/pages"}],"about":[{"href":"https:\/\/www.cvs-avocats.com\/fr\/wp-json\/wp\/v2\/types\/page"}],"author":[{"embeddable":true,"href":"https:\/\/www.cvs-avocats.com\/fr\/wp-json\/wp\/v2\/users\/7"}],"replies":[{"embeddable":true,"href":"https:\/\/www.cvs-avocats.com\/fr\/wp-json\/wp\/v2\/comments?post=7226"}],"version-history":[{"count":0,"href":"https:\/\/www.cvs-avocats.com\/fr\/wp-json\/wp\/v2\/pages\/7226\/revisions"}],"wp:featuredmedia":[{"embeddable":true,"href":"https:\/\/www.cvs-avocats.com\/fr\/wp-json\/wp\/v2\/media\/7315"}],"wp:attachment":[{"href":"https:\/\/www.cvs-avocats.com\/fr\/wp-json\/wp\/v2\/media?parent=7226"}],"curies":[{"name":"wp","href":"https:\/\/api.w.org\/{rel}","templated":true}]}}