{"id":7221,"date":"2024-04-11T17:39:36","date_gmt":"2024-04-11T15:39:36","guid":{"rendered":"https:\/\/www.cvs-avocats.com\/?page_id=7221"},"modified":"2024-04-12T16:23:13","modified_gmt":"2024-04-12T14:23:13","slug":"urgence-entreprises-en-difficulte","status":"publish","type":"page","link":"https:\/\/www.cvs-avocats.com\/fr\/urgence-entreprises-en-difficulte\/","title":{"rendered":"Urgence entreprises en difficult\u00e9"},"content":{"rendered":"\n<div class=\"wp-block-group\"><div class=\"wp-block-group__inner-container is-layout-constrained wp-block-group-is-layout-constrained\">\n<h2 class=\"wp-block-heading\">Comment \u00e7a marche ?<\/h2>\n\n\n\n<p>D\u00e9couvrez en vid\u00e9o une pr\u00e9sentation du panel de solutions envisageables pour votre soci\u00e9t\u00e9.<\/p>\n\n\n\n<figure class=\"wp-block-video\"><video height=\"1080\" style=\"aspect-ratio: 1920 \/ 1080;\" width=\"1920\" controls src=\"https:\/\/www.cvs-avocats.com\/wp-content\/uploads\/2024\/04\/04_entreprise-difficulte-VNEW.mp4\"><\/video><\/figure>\n\n\n\n<ul class=\"wp-block-list\">\n<li><\/li>\n<\/ul>\n\n\n\n<p><strong>Cornet Vincent S\u00e9gurel vous propose un Pack \u00ab&nbsp;Urgence entreprise en difficult\u00e9&nbsp;\u00bb qui vous permet d\u2019acc\u00e9der aux premi\u00e8res informations essentielles et \u00e0 une prise de contact rapide avec nos \u00e9quipes&nbsp;:<\/strong><\/p>\n\n\n\n<h3 class=\"wp-block-heading\"><strong>LES PREMIERES INFORMATIONS ESSENTIELLES PRESENTANT LES DIFFERENTES PROCEDURES<\/strong><\/h3>\n\n\n\n<ul class=\"wp-block-list\">\n<li>Une vid\u00e9o de pr\u00e9sentation<\/li>\n\n\n\n<li>Une note d\u00e9taill\u00e9e de presentation des proc\u00e9dures amiables et collectives<\/li>\n<\/ul>\n\n\n\n<h3 class=\"wp-block-heading\"><strong>UNE PRISE DE CONTACT RAPIDE AVEC NOS EQUIPES SPECIALISEES<\/strong><\/h3>\n\n\n\n<ul class=\"wp-block-list\">\n<li>Formulaire de prise de contact en ligne<\/li>\n\n\n\n<li>Rendez-vous t\u00e9l\u00e9phonique ou physique dans les jours qui suivent<\/li>\n<\/ul>\n<\/div><\/div>\n\n\n\n<div class=\"wp-block-group has-lightgrey-background-color has-background\"><div class=\"wp-block-group__inner-container is-layout-constrained wp-block-group-is-layout-constrained\">\n<h2 class=\"wp-block-heading has-text-align-center\">Avantages<\/h2>\n\n\n\n<div class=\"wp-block-columns is-layout-flex wp-container-core-columns-is-layout-9d6595d7 wp-block-columns-is-layout-flex\">\n<div class=\"wp-block-column is-layout-flow wp-block-column-is-layout-flow\"><div class=\"wp-block-image\">\n<figure class=\"aligncenter size-full\"><img decoding=\"async\" width=\"64\" height=\"64\" data-src=\"https:\/\/www.cvs-avocats.com\/wp-content\/uploads\/2024\/04\/Entreprises-en-difficulte-Avantage-1.png\" alt=\"\" class=\"wp-image-7270 lazyload\" data-srcset=\"https:\/\/www.cvs-avocats.com\/wp-content\/uploads\/2024\/04\/Entreprises-en-difficulte-Avantage-1.png 64w, https:\/\/www.cvs-avocats.com\/wp-content\/uploads\/2024\/04\/Entreprises-en-difficulte-Avantage-1-60x60.png 60w\" data-sizes=\"(max-width: 64px) 100vw, 64px\" src=\"data:image\/svg+xml;base64,PHN2ZyB3aWR0aD0iMSIgaGVpZ2h0PSIxIiB4bWxucz0iaHR0cDovL3d3dy53My5vcmcvMjAwMC9zdmciPjwvc3ZnPg==\" style=\"--smush-placeholder-width: 64px; --smush-placeholder-aspect-ratio: 64\/64;\" \/><\/figure>\n<\/div>\n\n\n<p class=\"has-text-align-center\">Une approche pas \u00e0 pas et didactique des proc\u00e9dures amiables et collectives<\/p>\n<\/div>\n\n\n\n<div class=\"wp-block-column is-layout-flow wp-block-column-is-layout-flow\"><div class=\"wp-block-image\">\n<figure class=\"aligncenter size-full\"><img decoding=\"async\" width=\"64\" height=\"64\" data-src=\"https:\/\/www.cvs-avocats.com\/wp-content\/uploads\/2024\/04\/Entreprises-en-difficulte-Avantage-2.png\" alt=\"\" class=\"wp-image-7272 lazyload\" data-srcset=\"https:\/\/www.cvs-avocats.com\/wp-content\/uploads\/2024\/04\/Entreprises-en-difficulte-Avantage-2.png 64w, https:\/\/www.cvs-avocats.com\/wp-content\/uploads\/2024\/04\/Entreprises-en-difficulte-Avantage-2-60x60.png 60w\" data-sizes=\"(max-width: 64px) 100vw, 64px\" src=\"data:image\/svg+xml;base64,PHN2ZyB3aWR0aD0iMSIgaGVpZ2h0PSIxIiB4bWxucz0iaHR0cDovL3d3dy53My5vcmcvMjAwMC9zdmciPjwvc3ZnPg==\" style=\"--smush-placeholder-width: 64px; --smush-placeholder-aspect-ratio: 64\/64;\" \/><\/figure>\n<\/div>\n\n\n<p class=\"has-text-align-center\">La possibilit\u00e9 de faire appel en urgence \u00e0 des sp\u00e9cialiste du traitement des difficult\u00e9s des entreprises<\/p>\n<\/div>\n\n\n\n<div class=\"wp-block-column is-layout-flow wp-block-column-is-layout-flow\"><div class=\"wp-block-image\">\n<figure class=\"aligncenter size-full\"><img decoding=\"async\" width=\"64\" height=\"64\" data-src=\"https:\/\/www.cvs-avocats.com\/wp-content\/uploads\/2024\/04\/Relations-commerciales-audit-des-risques-Avantage-1.png\" alt=\"\" class=\"wp-image-7257 lazyload\" data-srcset=\"https:\/\/www.cvs-avocats.com\/wp-content\/uploads\/2024\/04\/Relations-commerciales-audit-des-risques-Avantage-1.png 64w, https:\/\/www.cvs-avocats.com\/wp-content\/uploads\/2024\/04\/Relations-commerciales-audit-des-risques-Avantage-1-60x60.png 60w\" data-sizes=\"(max-width: 64px) 100vw, 64px\" src=\"data:image\/svg+xml;base64,PHN2ZyB3aWR0aD0iMSIgaGVpZ2h0PSIxIiB4bWxucz0iaHR0cDovL3d3dy53My5vcmcvMjAwMC9zdmciPjwvc3ZnPg==\" style=\"--smush-placeholder-width: 64px; --smush-placeholder-aspect-ratio: 64\/64;\" \/><\/figure>\n<\/div>\n\n\n<p class=\"has-text-align-center\">La mise en place d&rsquo;une strat\u00e9gie adapt\u00e9e \u00e0 vos besoin<\/p>\n<\/div>\n<\/div>\n<\/div><\/div>\n\n\n\n<div class=\"wp-block-group\"><div class=\"wp-block-group__inner-container is-layout-constrained wp-block-group-is-layout-constrained\">\n<h2 class=\"wp-block-heading has-text-align-center\">Besoin de ce service juridique ?<\/h2>\n\n\n\n<div class=\"wp-block-buttons is-content-justification-center is-layout-flex wp-container-core-buttons-is-layout-16018d1d wp-block-buttons-is-layout-flex\">\n<div class=\"wp-block-button is-style-outline is-style-outline--1\"><a class=\"wp-block-button__link wp-element-button\" href=\"https:\/\/www.cvs-avocats.com\/fr\/contact\/\"><strong>Contactez-nous<\/strong><\/a><\/div>\n<\/div>\n<\/div><\/div>\n","protected":false},"excerpt":{"rendered":"<p>Cornet Vincent S\u00e9gurel vous propose un Pack qui vous permet d\u2019acc\u00e9der aux premi\u00e8res informations essentielles relatives aux proc\u00e9dures amiables et collectives et \u00e0 une prise de contact rapide avec nos \u00e9quipes sp\u00e9cialis\u00e9es.<\/p>\n","protected":false},"author":7,"featured_media":7317,"parent":0,"menu_order":0,"comment_status":"closed","ping_status":"closed","template":"","meta":{"_acf_changed":false,"footnotes":""},"class_list":["post-7221","page","type-page","status-publish","has-post-thumbnail","hentry"],"acf":[],"_links":{"self":[{"href":"https:\/\/www.cvs-avocats.com\/fr\/wp-json\/wp\/v2\/pages\/7221","targetHints":{"allow":["GET"]}}],"collection":[{"href":"https:\/\/www.cvs-avocats.com\/fr\/wp-json\/wp\/v2\/pages"}],"about":[{"href":"https:\/\/www.cvs-avocats.com\/fr\/wp-json\/wp\/v2\/types\/page"}],"author":[{"embeddable":true,"href":"https:\/\/www.cvs-avocats.com\/fr\/wp-json\/wp\/v2\/users\/7"}],"replies":[{"embeddable":true,"href":"https:\/\/www.cvs-avocats.com\/fr\/wp-json\/wp\/v2\/comments?post=7221"}],"version-history":[{"count":0,"href":"https:\/\/www.cvs-avocats.com\/fr\/wp-json\/wp\/v2\/pages\/7221\/revisions"}],"wp:featuredmedia":[{"embeddable":true,"href":"https:\/\/www.cvs-avocats.com\/fr\/wp-json\/wp\/v2\/media\/7317"}],"wp:attachment":[{"href":"https:\/\/www.cvs-avocats.com\/fr\/wp-json\/wp\/v2\/media?parent=7221"}],"curies":[{"name":"wp","href":"https:\/\/api.w.org\/{rel}","templated":true}]}}