{"id":7168,"date":"2024-04-11T16:49:48","date_gmt":"2024-04-11T14:49:48","guid":{"rendered":"https:\/\/www.cvs-avocats.com\/?page_id=7168"},"modified":"2024-04-12T16:22:49","modified_gmt":"2024-04-12T14:22:49","slug":"rgpd-live-gerez-votre-conformite","status":"publish","type":"page","link":"https:\/\/www.cvs-avocats.com\/fr\/rgpd-live-gerez-votre-conformite\/","title":{"rendered":"RGPD Live : g\u00e9rez votre conformit\u00e9 !"},"content":{"rendered":"\n<div class=\"wp-block-group\"><div class=\"wp-block-group__inner-container is-layout-constrained wp-block-group-is-layout-constrained\">\n<h2 class=\"wp-block-heading\">Comment \u00e7a marche ?<\/h2>\n\n\n\n<p>D\u00e9couvrez en vid\u00e9o notre solution applicative de gestion de la conformit\u00e9 en mati\u00e8re de donn\u00e9es personnelles.<\/p>\n\n\n\n<figure class=\"wp-block-video\"><video height=\"1080\" style=\"aspect-ratio: 1920 \/ 1080;\" width=\"1920\" controls src=\"https:\/\/www.cvs-avocats.com\/wp-content\/uploads\/2024\/04\/02_RGPD_VNEW_2.mp4\"><\/video><\/figure>\n\n\n\n<div style=\"height:100px\" aria-hidden=\"true\" class=\"wp-block-spacer\"><\/div>\n\n\n\n<p><strong>Cornet Vincent S\u00e9gurel vous propose la Solution Logicielle \u00ab&nbsp;RGPD Live \u00bb qui vous permet de cr\u00e9er vos registres de traitement de Donn\u00e9es personnelles, et de g\u00e9rer et contr\u00f4ler votre conformit\u00e9 au RGPD.<\/strong><\/p>\n\n\n\n<h3 class=\"wp-block-heading\"><strong>CR\u00c9ER VOTRE REGISTRE DE TRAITEMENT DE DONN\u00c9ES PERSONNELLES<\/strong><\/h3>\n\n\n\n<ul class=\"wp-block-list\">\n<li>Cr\u00e9ation d\u2019un ou plusieurs Registres de traitement<\/li>\n\n\n\n<li>Gestion des droits d\u2019acc\u00e8s<\/li>\n\n\n\n<li>Historique<\/li>\n<\/ul>\n\n\n\n<h3 class=\"wp-block-heading\"><strong>G\u00c9RER ET CONTR\u00d4LER VOTRE CONFORMITE AU RGPD<\/strong><\/h3>\n\n\n\n<ul class=\"wp-block-list\">\n<li>Edition de tableaux de bord<\/li>\n\n\n\n<li>Gestion des sous-traitants, et des fournisseurs<\/li>\n\n\n\n<li>Gestion centralis\u00e9e de la documentation en mati\u00e8re de Donn\u00e9es Personnelles<\/li>\n<\/ul>\n<\/div><\/div>\n\n\n\n<div class=\"wp-block-group has-lightgrey-background-color has-background\"><div class=\"wp-block-group__inner-container is-layout-constrained wp-block-group-is-layout-constrained\">\n<h2 class=\"wp-block-heading has-text-align-center\">Avantages<\/h2>\n\n\n\n<div class=\"wp-block-columns is-layout-flex wp-container-core-columns-is-layout-9d6595d7 wp-block-columns-is-layout-flex\">\n<div class=\"wp-block-column is-layout-flow wp-block-column-is-layout-flow\"><div class=\"wp-block-image\">\n<figure class=\"aligncenter size-full\"><img decoding=\"async\" width=\"64\" height=\"64\" data-src=\"https:\/\/www.cvs-avocats.com\/wp-content\/uploads\/2024\/04\/RGPD-LIVE-avantage-2.png\" alt=\"\" class=\"wp-image-7200 lazyload\" data-srcset=\"https:\/\/www.cvs-avocats.com\/wp-content\/uploads\/2024\/04\/RGPD-LIVE-avantage-2.png 64w, https:\/\/www.cvs-avocats.com\/wp-content\/uploads\/2024\/04\/RGPD-LIVE-avantage-2-60x60.png 60w\" data-sizes=\"(max-width: 64px) 100vw, 64px\" src=\"data:image\/svg+xml;base64,PHN2ZyB3aWR0aD0iMSIgaGVpZ2h0PSIxIiB4bWxucz0iaHR0cDovL3d3dy53My5vcmcvMjAwMC9zdmciPjwvc3ZnPg==\" style=\"--smush-placeholder-width: 64px; --smush-placeholder-aspect-ratio: 64\/64;\" \/><\/figure>\n<\/div>\n\n\n<p class=\"has-text-align-center\">Vous pouvez g\u00e9rer en toute autonomie l\u2019outil de suivi de la conformit\u00e9 \u00e0 la r\u00e9glementation en mati\u00e8re de Donn\u00e9es Personnelles<\/p>\n<\/div>\n\n\n\n<div class=\"wp-block-column is-layout-flow wp-block-column-is-layout-flow\"><div class=\"wp-block-image\">\n<figure class=\"aligncenter size-full\"><img decoding=\"async\" width=\"64\" height=\"64\" data-src=\"https:\/\/www.cvs-avocats.com\/wp-content\/uploads\/2024\/04\/RGPD-LIVE-avantage-1.png\" alt=\"\" class=\"wp-image-7202 lazyload\" data-srcset=\"https:\/\/www.cvs-avocats.com\/wp-content\/uploads\/2024\/04\/RGPD-LIVE-avantage-1.png 64w, https:\/\/www.cvs-avocats.com\/wp-content\/uploads\/2024\/04\/RGPD-LIVE-avantage-1-60x60.png 60w\" data-sizes=\"(max-width: 64px) 100vw, 64px\" src=\"data:image\/svg+xml;base64,PHN2ZyB3aWR0aD0iMSIgaGVpZ2h0PSIxIiB4bWxucz0iaHR0cDovL3d3dy53My5vcmcvMjAwMC9zdmciPjwvc3ZnPg==\" style=\"--smush-placeholder-width: 64px; --smush-placeholder-aspect-ratio: 64\/64;\" \/><\/figure>\n<\/div>\n\n\n<p class=\"has-text-align-center\">Vous disposez d\u2019informations r\u00e9guli\u00e8res et \u00e0 valeur ajout\u00e9e venant d\u2019\u00e9quipes d\u2019avocats ou de juristes sp\u00e9cialis\u00e9s en mati\u00e8re de Donn\u00e9es Personnelles<\/p>\n<\/div>\n\n\n\n<div class=\"wp-block-column is-layout-flow wp-block-column-is-layout-flow\"><div class=\"wp-block-image\">\n<figure class=\"aligncenter size-full\"><img decoding=\"async\" width=\"64\" height=\"64\" data-src=\"https:\/\/www.cvs-avocats.com\/wp-content\/uploads\/2024\/04\/RGPD-LIVE-avantage-3.png\" alt=\"\" class=\"wp-image-7204 lazyload\" data-srcset=\"https:\/\/www.cvs-avocats.com\/wp-content\/uploads\/2024\/04\/RGPD-LIVE-avantage-3.png 64w, https:\/\/www.cvs-avocats.com\/wp-content\/uploads\/2024\/04\/RGPD-LIVE-avantage-3-60x60.png 60w\" data-sizes=\"(max-width: 64px) 100vw, 64px\" src=\"data:image\/svg+xml;base64,PHN2ZyB3aWR0aD0iMSIgaGVpZ2h0PSIxIiB4bWxucz0iaHR0cDovL3d3dy53My5vcmcvMjAwMC9zdmciPjwvc3ZnPg==\" style=\"--smush-placeholder-width: 64px; --smush-placeholder-aspect-ratio: 64\/64;\" \/><\/figure>\n<\/div>\n\n\n<p class=\"has-text-align-center\">Vos avocats vous conseillent ou vous d\u00e9fendent en mati\u00e8re de Donn\u00e9es Personnelles<\/p>\n<\/div>\n<\/div>\n<\/div><\/div>\n\n\n\n<div class=\"wp-block-group\"><div class=\"wp-block-group__inner-container is-layout-constrained wp-block-group-is-layout-constrained\">\n<h2 class=\"wp-block-heading has-text-align-center\">Besoin de ce service juridique ?<\/h2>\n\n\n\n<div class=\"wp-block-buttons is-content-justification-center is-layout-flex wp-container-core-buttons-is-layout-51f7783f wp-block-buttons-is-layout-flex\">\n<div class=\"wp-block-button is-style-outline is-style-outline--1\"><a class=\"wp-block-button__link has-text-align-center wp-element-button\" href=\"https:\/\/www.cvs-avocats.com\/fr\/contact\/\"><strong>Contactez-nous<\/strong><\/a><\/div>\n<\/div>\n<\/div><\/div>\n","protected":false},"excerpt":{"rendered":"<p>Cornet Vincent S\u00e9gurel vous propose une Solution Logicielle qui vous permet de cr\u00e9er vos registres de traitement de Donn\u00e9es personnelles, et de g\u00e9rer et contr\u00f4ler votre conformit\u00e9 au RGPD.<\/p>\n","protected":false},"author":7,"featured_media":7313,"parent":0,"menu_order":0,"comment_status":"closed","ping_status":"closed","template":"","meta":{"_acf_changed":false,"footnotes":""},"class_list":["post-7168","page","type-page","status-publish","has-post-thumbnail","hentry"],"acf":[],"_links":{"self":[{"href":"https:\/\/www.cvs-avocats.com\/fr\/wp-json\/wp\/v2\/pages\/7168","targetHints":{"allow":["GET"]}}],"collection":[{"href":"https:\/\/www.cvs-avocats.com\/fr\/wp-json\/wp\/v2\/pages"}],"about":[{"href":"https:\/\/www.cvs-avocats.com\/fr\/wp-json\/wp\/v2\/types\/page"}],"author":[{"embeddable":true,"href":"https:\/\/www.cvs-avocats.com\/fr\/wp-json\/wp\/v2\/users\/7"}],"replies":[{"embeddable":true,"href":"https:\/\/www.cvs-avocats.com\/fr\/wp-json\/wp\/v2\/comments?post=7168"}],"version-history":[{"count":0,"href":"https:\/\/www.cvs-avocats.com\/fr\/wp-json\/wp\/v2\/pages\/7168\/revisions"}],"wp:featuredmedia":[{"embeddable":true,"href":"https:\/\/www.cvs-avocats.com\/fr\/wp-json\/wp\/v2\/media\/7313"}],"wp:attachment":[{"href":"https:\/\/www.cvs-avocats.com\/fr\/wp-json\/wp\/v2\/media?parent=7168"}],"curies":[{"name":"wp","href":"https:\/\/api.w.org\/{rel}","templated":true}]}}