{"id":62,"date":"2023-10-03T08:51:52","date_gmt":"2023-10-03T06:51:52","guid":{"rendered":"https:\/\/www.cvs-avocats.com\/?page_id=62"},"modified":"2026-02-09T18:24:43","modified_gmt":"2026-02-09T17:24:43","slug":"accueil","status":"publish","type":"page","link":"https:\/\/www.cvs-avocats.com\/fr\/","title":{"rendered":"Des avocats au service de vos ambitions"},"content":{"rendered":"","protected":false},"excerpt":{"rendered":"<p>Nous sommes plus de 320 professionnels du droit des affaires install\u00e9s \u00e0 Bordeaux, Lille, Lyon, Nantes, Paris et Rennes. Nous intervenons aussi dans plus de 80 pays gr\u00e2ce \u00e0 nos 3 r\u00e9seaux internationaux.<\/p>\n","protected":false},"author":1,"featured_media":0,"parent":0,"menu_order":0,"comment_status":"closed","ping_status":"closed","template":"","meta":{"_acf_changed":true,"footnotes":""},"class_list":["post-62","page","type-page","status-publish","hentry"],"acf":[],"_links":{"self":[{"href":"https:\/\/www.cvs-avocats.com\/fr\/wp-json\/wp\/v2\/pages\/62","targetHints":{"allow":["GET"]}}],"collection":[{"href":"https:\/\/www.cvs-avocats.com\/fr\/wp-json\/wp\/v2\/pages"}],"about":[{"href":"https:\/\/www.cvs-avocats.com\/fr\/wp-json\/wp\/v2\/types\/page"}],"author":[{"embeddable":true,"href":"https:\/\/www.cvs-avocats.com\/fr\/wp-json\/wp\/v2\/users\/1"}],"replies":[{"embeddable":true,"href":"https:\/\/www.cvs-avocats.com\/fr\/wp-json\/wp\/v2\/comments?post=62"}],"version-history":[{"count":0,"href":"https:\/\/www.cvs-avocats.com\/fr\/wp-json\/wp\/v2\/pages\/62\/revisions"}],"wp:attachment":[{"href":"https:\/\/www.cvs-avocats.com\/fr\/wp-json\/wp\/v2\/media?parent=62"}],"curies":[{"name":"wp","href":"https:\/\/api.w.org\/{rel}","templated":true}]}}