{"id":476,"date":"2024-01-04T16:54:33","date_gmt":"2024-01-04T15:54:33","guid":{"rendered":"https:\/\/www.cvs-avocats.com\/?page_id=476"},"modified":"2025-02-03T09:53:41","modified_gmt":"2025-02-03T08:53:41","slug":"nos-offres-en-ligne","status":"publish","type":"page","link":"https:\/\/www.cvs-avocats.com\/fr\/nos-offres-en-ligne\/","title":{"rendered":"Nos offres en ligne"},"content":{"rendered":"\n<div class=\"wp-block-group has-white-background-color has-background\"><div class=\"wp-block-group__inner-container is-layout-constrained wp-block-group-is-layout-constrained\">\n<h2 class=\"wp-block-heading\">Services num\u00e9riques<\/h2>\n\n\n\n<div class=\"wp-block-columns is-layout-flex wp-container-core-columns-is-layout-093b9794 wp-block-columns-is-layout-flex\" style=\"padding-bottom:0\">\n<div class=\"wp-block-column is-vertically-aligned-top is-layout-flow wp-block-column-is-layout-flow\">\n<figure class=\"wp-block-image size-large\"><a href=\"https:\/\/www.cvs-avocats.com\/fr\/rgpd-live-gerez-votre-conformite\/\"><img decoding=\"async\" width=\"1024\" height=\"576\" data-src=\"https:\/\/www.cvs-avocats.com\/wp-content\/uploads\/2024\/04\/RGPD-Live-16x9-1-1024x576.jpg\" alt=\"\" class=\"wp-image-7309 lazyload\" data-srcset=\"https:\/\/www.cvs-avocats.com\/wp-content\/uploads\/2024\/04\/RGPD-Live-16x9-1-1024x576.jpg 1024w, https:\/\/www.cvs-avocats.com\/wp-content\/uploads\/2024\/04\/RGPD-Live-16x9-1-300x169.jpg 300w, https:\/\/www.cvs-avocats.com\/wp-content\/uploads\/2024\/04\/RGPD-Live-16x9-1-768x432.jpg 768w, https:\/\/www.cvs-avocats.com\/wp-content\/uploads\/2024\/04\/RGPD-Live-16x9-1-1536x864.jpg 1536w, https:\/\/www.cvs-avocats.com\/wp-content\/uploads\/2024\/04\/RGPD-Live-16x9-1.jpg 1920w\" data-sizes=\"(max-width: 1024px) 100vw, 1024px\" src=\"data:image\/svg+xml;base64,PHN2ZyB3aWR0aD0iMSIgaGVpZ2h0PSIxIiB4bWxucz0iaHR0cDovL3d3dy53My5vcmcvMjAwMC9zdmciPjwvc3ZnPg==\" style=\"--smush-placeholder-width: 1024px; --smush-placeholder-aspect-ratio: 1024\/576;\" \/><\/a><\/figure>\n<\/div>\n\n\n\n<div class=\"wp-block-column is-layout-flow wp-block-column-is-layout-flow\">\n<h3 class=\"wp-block-heading is-style-key-number\">RGPD Live : g\u00e9rez votre conformit\u00e9 !<\/h3>\n\n\n\n<p>Cornet Vincent S\u00e9gurel vous propose une Solution Logicielle qui vous permet de cr\u00e9er vos registres de traitement de Donn\u00e9es personnelles, et de g\u00e9rer et contr\u00f4ler votre conformit\u00e9 au RGPD.<\/p>\n\n\n\n<div class=\"wp-block-buttons is-layout-flex wp-block-buttons-is-layout-flex\">\n<div class=\"wp-block-button is-style-animated-link\"><a class=\"wp-block-button__link wp-element-button\" href=\"https:\/\/www.cvs-avocats.com\/fr\/rgpd-live-gerez-votre-conformite\/\">En savoir plus<\/a><\/div>\n<\/div>\n<\/div>\n<\/div>\n\n\n\n<div style=\"height:83px\" aria-hidden=\"true\" class=\"wp-block-spacer\"><\/div>\n\n\n\n<div class=\"wp-block-columns is-layout-flex wp-container-core-columns-is-layout-093b9794 wp-block-columns-is-layout-flex\" style=\"padding-bottom:0\">\n<div class=\"wp-block-column is-vertically-aligned-center is-layout-flow wp-block-column-is-layout-flow\">\n<figure class=\"wp-block-image size-large\"><a href=\"https:\/\/www.cvs-avocats.com\/fr\/preuve-electronique-deposez-transferez-et-protegez\/\"><img decoding=\"async\" width=\"1024\" height=\"576\" data-src=\"https:\/\/www.cvs-avocats.com\/wp-content\/uploads\/2024\/04\/HEADER_ZIPLO-1024x576.jpg\" alt=\"\" class=\"wp-image-7129 lazyload\" data-srcset=\"https:\/\/www.cvs-avocats.com\/wp-content\/uploads\/2024\/04\/HEADER_ZIPLO-1024x576.jpg 1024w, https:\/\/www.cvs-avocats.com\/wp-content\/uploads\/2024\/04\/HEADER_ZIPLO-300x169.jpg 300w, https:\/\/www.cvs-avocats.com\/wp-content\/uploads\/2024\/04\/HEADER_ZIPLO-768x432.jpg 768w, https:\/\/www.cvs-avocats.com\/wp-content\/uploads\/2024\/04\/HEADER_ZIPLO-1536x864.jpg 1536w, https:\/\/www.cvs-avocats.com\/wp-content\/uploads\/2024\/04\/HEADER_ZIPLO-2048x1152.jpg 2048w, https:\/\/www.cvs-avocats.com\/wp-content\/uploads\/2024\/04\/HEADER_ZIPLO-1920x1080.jpg 1920w\" data-sizes=\"(max-width: 1024px) 100vw, 1024px\" src=\"data:image\/svg+xml;base64,PHN2ZyB3aWR0aD0iMSIgaGVpZ2h0PSIxIiB4bWxucz0iaHR0cDovL3d3dy53My5vcmcvMjAwMC9zdmciPjwvc3ZnPg==\" style=\"--smush-placeholder-width: 1024px; --smush-placeholder-aspect-ratio: 1024\/576;\" \/><\/a><\/figure>\n<\/div>\n\n\n\n<div class=\"wp-block-column is-layout-flow wp-block-column-is-layout-flow\">\n<h3 class=\"wp-block-heading is-style-key-number\">Preuve \u00e9lectronique : transf\u00e9rez et prot\u00e9gez ! <\/h3>\n\n\n\n<p>Nous vous proposons, en partenariat avec Ziplo, un service de d\u00e9p\u00f4t de fichiers utilisant la blockchain afin de vous constituer une preuve utilisable en justice directement en ligne.<\/p>\n\n\n\n<div class=\"wp-block-buttons is-layout-flex wp-block-buttons-is-layout-flex\">\n<div class=\"wp-block-button is-style-animated-link\"><a class=\"wp-block-button__link wp-element-button\" href=\"https:\/\/www.cvs-avocats.com\/fr\/preuve-electronique-deposez-transferez-et-protegez\/\">En savoir plus<\/a><\/div>\n<\/div>\n<\/div>\n<\/div>\n\n\n\n<div style=\"height:83px\" aria-hidden=\"true\" class=\"wp-block-spacer\"><\/div>\n<\/div><\/div>\n\n\n\n<div class=\"wp-block-group has-lightgrey-background-color has-background\"><div class=\"wp-block-group__inner-container is-layout-constrained wp-block-group-is-layout-constrained\">\n<h2 class=\"wp-block-heading\">Services packag\u00e9s<\/h2>\n\n\n\n<div class=\"wp-block-columns is-layout-flex wp-container-core-columns-is-layout-9d6595d7 wp-block-columns-is-layout-flex\">\n<div class=\"wp-block-column has-lightgrey-background-color has-background is-layout-flow wp-block-column-is-layout-flow\">\n<figure class=\"wp-block-image size-large\"><a href=\"https:\/\/www.cvs-avocats.com\/fr\/relations-commerciales-audit-des-risques\/\"><img decoding=\"async\" width=\"2560\" height=\"1438\" data-src=\"https:\/\/www.cvs-avocats.com\/wp-content\/uploads\/2024\/04\/Audit-relations-commerciales-Service-numeriques-Cornet-Vincent-Segurel-VF-edited-scaled.jpg\" alt=\"\" class=\"wp-image-7149 lazyload\" data-srcset=\"https:\/\/www.cvs-avocats.com\/wp-content\/uploads\/2024\/04\/Audit-relations-commerciales-Service-numeriques-Cornet-Vincent-Segurel-VF-edited-scaled.jpg 2560w, https:\/\/www.cvs-avocats.com\/wp-content\/uploads\/2024\/04\/Audit-relations-commerciales-Service-numeriques-Cornet-Vincent-Segurel-VF-edited-300x169.jpg 300w, https:\/\/www.cvs-avocats.com\/wp-content\/uploads\/2024\/04\/Audit-relations-commerciales-Service-numeriques-Cornet-Vincent-Segurel-VF-edited-1024x575.jpg 1024w, https:\/\/www.cvs-avocats.com\/wp-content\/uploads\/2024\/04\/Audit-relations-commerciales-Service-numeriques-Cornet-Vincent-Segurel-VF-edited-768x431.jpg 768w, https:\/\/www.cvs-avocats.com\/wp-content\/uploads\/2024\/04\/Audit-relations-commerciales-Service-numeriques-Cornet-Vincent-Segurel-VF-edited-1536x863.jpg 1536w, https:\/\/www.cvs-avocats.com\/wp-content\/uploads\/2024\/04\/Audit-relations-commerciales-Service-numeriques-Cornet-Vincent-Segurel-VF-edited-2048x1151.jpg 2048w, https:\/\/www.cvs-avocats.com\/wp-content\/uploads\/2024\/04\/Audit-relations-commerciales-Service-numeriques-Cornet-Vincent-Segurel-VF-edited-1920x1080.jpg 1920w\" data-sizes=\"(max-width: 2560px) 100vw, 2560px\" src=\"data:image\/svg+xml;base64,PHN2ZyB3aWR0aD0iMSIgaGVpZ2h0PSIxIiB4bWxucz0iaHR0cDovL3d3dy53My5vcmcvMjAwMC9zdmciPjwvc3ZnPg==\" style=\"--smush-placeholder-width: 2560px; --smush-placeholder-aspect-ratio: 2560\/1438;\" \/><\/a><\/figure>\n<\/div>\n\n\n\n<div class=\"wp-block-column has-lightgrey-background-color has-background is-layout-flow wp-block-column-is-layout-flow\">\n<h3 class=\"wp-block-heading\">Relations commerciales : audit des risques<\/h3>\n\n\n\n<p>Nous vous proposons d\u2019auditer vos CGV et Contrats fournisseurs afin de vous offrir une visibilit\u00e9 sur les risques juridiques li\u00e9s \u00e0 vos relations commerciales et vous aider \u00e0 trouver des solutions.<\/p>\n\n\n\n<div class=\"wp-block-buttons is-layout-flex wp-block-buttons-is-layout-flex\">\n<div class=\"wp-block-button is-style-animated-link\"><a class=\"wp-block-button__link wp-element-button\" href=\"https:\/\/www.cvs-avocats.com\/fr\/relations-commerciales-audit-des-risques\/\">En savoir plus<\/a><\/div>\n<\/div>\n<\/div>\n<\/div>\n\n\n\n<div style=\"height:83px\" aria-hidden=\"true\" class=\"wp-block-spacer\"><\/div>\n\n\n\n<div class=\"wp-block-columns is-layout-flex wp-container-core-columns-is-layout-9d6595d7 wp-block-columns-is-layout-flex\">\n<div class=\"wp-block-column is-layout-flow wp-block-column-is-layout-flow\">\n<figure class=\"wp-block-image size-large\"><a href=\"https:\/\/www.cvs-avocats.com\/fr\/urgence-entreprises-en-difficulte\/\"><img decoding=\"async\" width=\"1024\" height=\"576\" data-src=\"https:\/\/www.cvs-avocats.com\/wp-content\/uploads\/2024\/04\/3846340-1024x576.jpg\" alt=\"\" class=\"wp-image-7158 lazyload\" data-srcset=\"https:\/\/www.cvs-avocats.com\/wp-content\/uploads\/2024\/04\/3846340-1024x576.jpg 1024w, https:\/\/www.cvs-avocats.com\/wp-content\/uploads\/2024\/04\/3846340-300x169.jpg 300w, https:\/\/www.cvs-avocats.com\/wp-content\/uploads\/2024\/04\/3846340-768x432.jpg 768w, https:\/\/www.cvs-avocats.com\/wp-content\/uploads\/2024\/04\/3846340-1536x864.jpg 1536w, https:\/\/www.cvs-avocats.com\/wp-content\/uploads\/2024\/04\/3846340-2048x1152.jpg 2048w, https:\/\/www.cvs-avocats.com\/wp-content\/uploads\/2024\/04\/3846340-1920x1080.jpg 1920w\" data-sizes=\"(max-width: 1024px) 100vw, 1024px\" src=\"data:image\/svg+xml;base64,PHN2ZyB3aWR0aD0iMSIgaGVpZ2h0PSIxIiB4bWxucz0iaHR0cDovL3d3dy53My5vcmcvMjAwMC9zdmciPjwvc3ZnPg==\" style=\"--smush-placeholder-width: 1024px; --smush-placeholder-aspect-ratio: 1024\/576;\" \/><\/a><\/figure>\n<\/div>\n\n\n\n<div class=\"wp-block-column is-layout-flow wp-block-column-is-layout-flow\">\n<h3 class=\"wp-block-heading\">Urgence entreprises en difficult\u00e9<\/h3>\n\n\n\n<p>Nous vous proposons un Pack qui vous permet d\u2019acc\u00e9der aux premi\u00e8res informations essentielles relatives aux proc\u00e9dures amiables et collectives et \u00e0 une prise de contact rapide avec nos \u00e9quipes sp\u00e9cialis\u00e9es.<\/p>\n\n\n\n<div class=\"wp-block-buttons is-layout-flex wp-block-buttons-is-layout-flex\">\n<div class=\"wp-block-button is-style-animated-link\"><a class=\"wp-block-button__link wp-element-button\" href=\"https:\/\/www.cvs-avocats.com\/fr\/urgence-entreprises-en-difficulte\/\">En savoir plus<\/a><\/div>\n<\/div>\n<\/div>\n<\/div>\n\n\n\n<div style=\"height:83px\" aria-hidden=\"true\" class=\"wp-block-spacer\"><\/div>\n\n\n\n<div class=\"wp-block-columns is-layout-flex wp-container-core-columns-is-layout-9d6595d7 wp-block-columns-is-layout-flex\">\n<div class=\"wp-block-column is-layout-flow wp-block-column-is-layout-flow\">\n<figure class=\"wp-block-image size-large\"><a href=\"https:\/\/www.cvs-avocats.com\/fr\/debt-recovery-in-france\/\"><img decoding=\"async\" width=\"1013\" height=\"569\" data-src=\"https:\/\/www.cvs-avocats.com\/wp-content\/uploads\/2024\/04\/Debt-Collection-France-Digital-Service-Cornet-Vincent-Segurel-VF-edited.jpg\" alt=\"\" class=\"wp-image-7165 lazyload\" data-srcset=\"https:\/\/www.cvs-avocats.com\/wp-content\/uploads\/2024\/04\/Debt-Collection-France-Digital-Service-Cornet-Vincent-Segurel-VF-edited.jpg 1013w, https:\/\/www.cvs-avocats.com\/wp-content\/uploads\/2024\/04\/Debt-Collection-France-Digital-Service-Cornet-Vincent-Segurel-VF-edited-300x169.jpg 300w, https:\/\/www.cvs-avocats.com\/wp-content\/uploads\/2024\/04\/Debt-Collection-France-Digital-Service-Cornet-Vincent-Segurel-VF-edited-768x431.jpg 768w\" data-sizes=\"(max-width: 1013px) 100vw, 1013px\" src=\"data:image\/svg+xml;base64,PHN2ZyB3aWR0aD0iMSIgaGVpZ2h0PSIxIiB4bWxucz0iaHR0cDovL3d3dy53My5vcmcvMjAwMC9zdmciPjwvc3ZnPg==\" style=\"--smush-placeholder-width: 1013px; --smush-placeholder-aspect-ratio: 1013\/569;\" \/><\/a><\/figure>\n<\/div>\n\n\n\n<div class=\"wp-block-column is-layout-flow wp-block-column-is-layout-flow\">\n<h3 class=\"wp-block-heading\">Debt recovery in France<\/h3>\n\n\n\n<p>Cornet Vincent S\u00e9gurel vous propose une assistance juridique pour le recouvrement de cr\u00e9ances impay\u00e9es aupr\u00e8s d&rsquo;un d\u00e9biteur situ\u00e9 en France.<\/p>\n\n\n\n<div class=\"wp-block-buttons is-layout-flex wp-block-buttons-is-layout-flex\">\n<div class=\"wp-block-button is-style-animated-link\"><a class=\"wp-block-button__link wp-element-button\" href=\"https:\/\/www.cvs-avocats.com\/fr\/debt-recovery-in-france\/\">En savoir plus<\/a><\/div>\n<\/div>\n<\/div>\n<\/div>\n<\/div><\/div>\n","protected":false},"excerpt":{"rendered":"<p>Cornet Vincent S\u00e9gurel vous propose plusieurs services technologiques ou packag\u00e9s innovants pour vous aider \u00e0 faire du droit un atout. <\/p>\n","protected":false},"author":5,"featured_media":7322,"parent":0,"menu_order":0,"comment_status":"closed","ping_status":"closed","template":"page-list-offers.php","meta":{"_acf_changed":false,"footnotes":""},"class_list":["post-476","page","type-page","status-publish","has-post-thumbnail","hentry"],"acf":[],"_links":{"self":[{"href":"https:\/\/www.cvs-avocats.com\/fr\/wp-json\/wp\/v2\/pages\/476","targetHints":{"allow":["GET"]}}],"collection":[{"href":"https:\/\/www.cvs-avocats.com\/fr\/wp-json\/wp\/v2\/pages"}],"about":[{"href":"https:\/\/www.cvs-avocats.com\/fr\/wp-json\/wp\/v2\/types\/page"}],"author":[{"embeddable":true,"href":"https:\/\/www.cvs-avocats.com\/fr\/wp-json\/wp\/v2\/users\/5"}],"replies":[{"embeddable":true,"href":"https:\/\/www.cvs-avocats.com\/fr\/wp-json\/wp\/v2\/comments?post=476"}],"version-history":[{"count":0,"href":"https:\/\/www.cvs-avocats.com\/fr\/wp-json\/wp\/v2\/pages\/476\/revisions"}],"wp:featuredmedia":[{"embeddable":true,"href":"https:\/\/www.cvs-avocats.com\/fr\/wp-json\/wp\/v2\/media\/7322"}],"wp:attachment":[{"href":"https:\/\/www.cvs-avocats.com\/fr\/wp-json\/wp\/v2\/media?parent=476"}],"curies":[{"name":"wp","href":"https:\/\/api.w.org\/{rel}","templated":true}]}}