{"id":453,"date":"2024-01-04T15:45:52","date_gmt":"2024-01-04T14:45:52","guid":{"rendered":"https:\/\/www.cvs-avocats.com\/?page_id=453"},"modified":"2024-04-19T15:05:38","modified_gmt":"2024-04-19T13:05:38","slug":"distinctions","status":"publish","type":"page","link":"https:\/\/www.cvs-avocats.com\/fr\/distinctions\/","title":{"rendered":"Distinctions"},"content":{"rendered":"","protected":false},"excerpt":{"rendered":"<p>Les avocats de Cornet Vincent S\u00e9gurel sont reconnus par les publications et prix juridiques de r\u00e9f\u00e9rence pour leur expertise en droit des affaires.<\/p>\n","protected":false},"author":4,"featured_media":0,"parent":0,"menu_order":0,"comment_status":"closed","ping_status":"closed","template":"page-distinctions.php","meta":{"_acf_changed":false,"footnotes":""},"class_list":["post-453","page","type-page","status-publish","hentry"],"acf":[],"_links":{"self":[{"href":"https:\/\/www.cvs-avocats.com\/fr\/wp-json\/wp\/v2\/pages\/453","targetHints":{"allow":["GET"]}}],"collection":[{"href":"https:\/\/www.cvs-avocats.com\/fr\/wp-json\/wp\/v2\/pages"}],"about":[{"href":"https:\/\/www.cvs-avocats.com\/fr\/wp-json\/wp\/v2\/types\/page"}],"author":[{"embeddable":true,"href":"https:\/\/www.cvs-avocats.com\/fr\/wp-json\/wp\/v2\/users\/4"}],"replies":[{"embeddable":true,"href":"https:\/\/www.cvs-avocats.com\/fr\/wp-json\/wp\/v2\/comments?post=453"}],"version-history":[{"count":0,"href":"https:\/\/www.cvs-avocats.com\/fr\/wp-json\/wp\/v2\/pages\/453\/revisions"}],"wp:attachment":[{"href":"https:\/\/www.cvs-avocats.com\/fr\/wp-json\/wp\/v2\/media?parent=453"}],"curies":[{"name":"wp","href":"https:\/\/api.w.org\/{rel}","templated":true}]}}