{"id":4364,"date":"2020-01-14T10:49:55","date_gmt":"2020-01-14T09:49:55","guid":{"rendered":"https:\/\/www.cvs-avocats.com\/media\/"},"modified":"2020-01-14T10:49:55","modified_gmt":"2020-01-14T09:49:55","slug":"media","status":"publish","type":"page","link":"https:\/\/www.cvs-avocats.com\/fr\/media\/","title":{"rendered":"Contact Media"},"content":{"rendered":"<br \/>\n<section class=\"section-article-main\">\n<div class=\"shell shell--small\">\n<div class=\"section__body\">\n<article class=\"article-normal\">\n<div class=\"article__head\">\n<h2 class=\"article__title\">\n                    Contact Presse<br \/>\n                <\/h2>\n<\/p><\/div>\n<div class=\"article__entry\">\n<p>Pour toutes vos demandes d&#039;informations, d&#039;interviews ou de tribunes, vous pouvez contacter :&nbsp;<\/p>\n<p>Zarema Kanieva<\/p>\n<p><strong>Eliott &amp; Markus<\/strong><\/p>\n<p><span style=\"color:black\">T&eacute;l&eacute;phone :<\/span>&nbsp;+ 33 01 88 33 26 32<br \/>\nEmail :&nbsp;z.kanieva[at]eliott-markus.com&nbsp;<\/p>\n<\/p><\/div>\n<\/article><\/div>\n<\/p><\/div>\n<\/section>\n","protected":false},"excerpt":{"rendered":"<p>Journaliste ou enqu\u00eateur ? Nous sommes \u00e0 votre \u00e9coute pour vos demandes d&rsquo;interventions ou de tribune concernant une de nos expertises.<\/p>\n","protected":false},"author":0,"featured_media":4365,"parent":0,"menu_order":0,"comment_status":"closed","ping_status":"closed","template":"","meta":{"_acf_changed":false,"footnotes":""},"class_list":["post-4364","page","type-page","status-publish","has-post-thumbnail","hentry"],"acf":[],"_links":{"self":[{"href":"https:\/\/www.cvs-avocats.com\/fr\/wp-json\/wp\/v2\/pages\/4364","targetHints":{"allow":["GET"]}}],"collection":[{"href":"https:\/\/www.cvs-avocats.com\/fr\/wp-json\/wp\/v2\/pages"}],"about":[{"href":"https:\/\/www.cvs-avocats.com\/fr\/wp-json\/wp\/v2\/types\/page"}],"replies":[{"embeddable":true,"href":"https:\/\/www.cvs-avocats.com\/fr\/wp-json\/wp\/v2\/comments?post=4364"}],"version-history":[{"count":0,"href":"https:\/\/www.cvs-avocats.com\/fr\/wp-json\/wp\/v2\/pages\/4364\/revisions"}],"wp:featuredmedia":[{"embeddable":true,"href":"https:\/\/www.cvs-avocats.com\/fr\/wp-json\/wp\/v2\/media\/4365"}],"wp:attachment":[{"href":"https:\/\/www.cvs-avocats.com\/fr\/wp-json\/wp\/v2\/media?parent=4364"}],"curies":[{"name":"wp","href":"https:\/\/api.w.org\/{rel}","templated":true}]}}