{"id":187,"date":"2023-10-10T16:50:28","date_gmt":"2023-10-10T14:50:28","guid":{"rendered":"https:\/\/www.cvs-avocats.com\/?page_id=187"},"modified":"2024-01-11T17:40:14","modified_gmt":"2024-01-11T16:40:14","slug":"contact","status":"publish","type":"page","link":"https:\/\/www.cvs-avocats.com\/fr\/contact\/","title":{"rendered":"Nous contacter"},"content":{"rendered":"","protected":false},"excerpt":{"rendered":"<p>Vous avez un projet? Un besoin d&rsquo;accompagnement? Une situation conflictuelle \u00e0 r\u00e9soudre? Nos avocats sont \u00e0 votre \u00e9coute pour \u00e9laborer des solutions juridiques adapt\u00e9es \u00e0 vos enjeux.<\/p>\n","protected":false},"author":1,"featured_media":0,"parent":0,"menu_order":0,"comment_status":"closed","ping_status":"closed","template":"page-contact.php","meta":{"_acf_changed":false,"footnotes":""},"class_list":["post-187","page","type-page","status-publish","hentry"],"acf":[],"_links":{"self":[{"href":"https:\/\/www.cvs-avocats.com\/fr\/wp-json\/wp\/v2\/pages\/187","targetHints":{"allow":["GET"]}}],"collection":[{"href":"https:\/\/www.cvs-avocats.com\/fr\/wp-json\/wp\/v2\/pages"}],"about":[{"href":"https:\/\/www.cvs-avocats.com\/fr\/wp-json\/wp\/v2\/types\/page"}],"author":[{"embeddable":true,"href":"https:\/\/www.cvs-avocats.com\/fr\/wp-json\/wp\/v2\/users\/1"}],"replies":[{"embeddable":true,"href":"https:\/\/www.cvs-avocats.com\/fr\/wp-json\/wp\/v2\/comments?post=187"}],"version-history":[{"count":0,"href":"https:\/\/www.cvs-avocats.com\/fr\/wp-json\/wp\/v2\/pages\/187\/revisions"}],"wp:attachment":[{"href":"https:\/\/www.cvs-avocats.com\/fr\/wp-json\/wp\/v2\/media?parent=187"}],"curies":[{"name":"wp","href":"https:\/\/api.w.org\/{rel}","templated":true}]}}