{"id":125,"date":"2023-10-04T10:01:27","date_gmt":"2023-10-04T08:01:27","guid":{"rendered":"https:\/\/www.cvs-avocats.com\/?page_id=125"},"modified":"2025-01-31T11:46:36","modified_gmt":"2025-01-31T10:46:36","slug":"expertise","status":"publish","type":"page","link":"https:\/\/www.cvs-avocats.com\/fr\/expertise\/","title":{"rendered":"Nos comp\u00e9tences"},"content":{"rendered":"","protected":false},"excerpt":{"rendered":"<p>Nos avocats interviennent dans tous les domaines du droit des affaires. Ils aident nos clients \u00e0 r\u00e9ussir leurs transformations, \u00e0 faire avancer leurs projets et \u00e0 d\u00e9fendre leurs int\u00e9r\u00eats avec une connaissance approfondie de chaque secteur d\u2019activit\u00e9.<\/p>\n","protected":false},"author":1,"featured_media":0,"parent":0,"menu_order":0,"comment_status":"closed","ping_status":"closed","template":"page-list-expertise.php","meta":{"_acf_changed":false,"footnotes":""},"class_list":["post-125","page","type-page","status-publish","hentry"],"acf":[],"_links":{"self":[{"href":"https:\/\/www.cvs-avocats.com\/fr\/wp-json\/wp\/v2\/pages\/125","targetHints":{"allow":["GET"]}}],"collection":[{"href":"https:\/\/www.cvs-avocats.com\/fr\/wp-json\/wp\/v2\/pages"}],"about":[{"href":"https:\/\/www.cvs-avocats.com\/fr\/wp-json\/wp\/v2\/types\/page"}],"author":[{"embeddable":true,"href":"https:\/\/www.cvs-avocats.com\/fr\/wp-json\/wp\/v2\/users\/1"}],"replies":[{"embeddable":true,"href":"https:\/\/www.cvs-avocats.com\/fr\/wp-json\/wp\/v2\/comments?post=125"}],"version-history":[{"count":0,"href":"https:\/\/www.cvs-avocats.com\/fr\/wp-json\/wp\/v2\/pages\/125\/revisions"}],"wp:attachment":[{"href":"https:\/\/www.cvs-avocats.com\/fr\/wp-json\/wp\/v2\/media?parent=125"}],"curies":[{"name":"wp","href":"https:\/\/api.w.org\/{rel}","templated":true}]}}