{"id":4669,"date":"2024-03-04T09:58:08","date_gmt":"2024-03-04T08:58:08","guid":{"rendered":"https:\/\/www.cvs-avocats.com\/?page_id=4669"},"modified":"2025-02-03T09:51:37","modified_gmt":"2025-02-03T08:51:37","slug":"newsletter","status":"publish","type":"page","link":"https:\/\/www.cvs-avocats.com\/en\/newsletter\/","title":{"rendered":"Newsletter"},"content":{"rendered":"\n<div class=\"wp-block-group\"><div class=\"wp-block-group__inner-container is-layout-constrained wp-block-group-is-layout-constrained\">\n<div class=\"forminator-guttenberg\"><div class=\"forminator-ui forminator-custom-form forminator-custom-form-5378   forminator_ajax\" data-forminator-render=\"0\" data-form=\"forminator-module-5378\" data-uid=\"69f33534310e0\"><br\/><\/div><form\n\t\t\t\tid=\"forminator-module-5378\"\n\t\t\t\tclass=\"forminator-ui forminator-custom-form forminator-custom-form-5378   forminator_ajax\"\n\t\t\t\tmethod=\"post\"\n\t\t\t\tdata-forminator-render=\"0\"\n\t\t\t\tdata-form-id=\"5378\"\n\t\t\t\t data-color-option=\"default\" data-design=\"none\" data-grid=\"open\" style=\"display: none;\"\n\t\t\t\tdata-uid=\"69f33534310e0\"\n\t\t\t><div role=\"alert\" aria-live=\"polite\" class=\"forminator-response-message forminator-error\" aria-hidden=\"true\"><\/div><div class=\"forminator-row\"><div id=\"name-1\" class=\"forminator-field-name forminator-col forminator-col-12 \"><div class=\"forminator-row forminator-no-margin\" data-multiple=\"true\"><div class=\"forminator-col forminator-col-md-6\"><div class=\"forminator-field\"><label for=\"forminator-field-first-name-1_69f33534310e0\" id=\"forminator-field-first-name-1_69f33534310e0-label\" class=\"forminator-label\">Pr\u00e9nom<\/label><input type=\"text\" name=\"name-1-first-name\" placeholder=\"\" id=\"forminator-field-first-name-1_69f33534310e0\" class=\"forminator-input\" aria-required=\"false\" data-multi=\"1\" autocomplete=\"given-name\" value=\"\" \/><\/div><\/div><div class=\"forminator-col forminator-col-md-6\"><div class=\"forminator-field\"><label for=\"forminator-field-last-name-1_69f33534310e0\" id=\"forminator-field-last-name-1_69f33534310e0-label\" class=\"forminator-label\">Nom<\/label><input type=\"text\" name=\"name-1-last-name\" placeholder=\"\" id=\"forminator-field-last-name-1_69f33534310e0\" class=\"forminator-input\" aria-required=\"false\" data-multi=\"1\" autocomplete=\"family-name\" value=\"\" \/><\/div><\/div><\/div><\/div><\/div><div class=\"forminator-row\"><div id=\"email-1\" class=\"forminator-field-email forminator-col forminator-col-12 \"><div class=\"forminator-field\"><label for=\"forminator-field-email-1_69f33534310e0\" id=\"forminator-field-email-1_69f33534310e0-label\" class=\"forminator-label\">Adresse e-mail<\/label><input type=\"email\" name=\"email-1\" value=\"\" placeholder=\"\" id=\"forminator-field-email-1_69f33534310e0\" class=\"forminator-input forminator-email--field\" data-required=\"\" aria-required=\"false\" autocomplete=\"email\" \/><\/div><\/div><\/div><div class=\"forminator-row\"><div id=\"select-1\" class=\"forminator-field-select forminator-col forminator-col-6 \"><div class=\"forminator-field\"><label for=\"forminator-form-5378__field--select-1_69f33534310e0\" id=\"forminator-form-5378__field--select-1_69f33534310e0-label\" class=\"forminator-label\">Je suis<\/label><select  id=\"forminator-form-5378__field--select-1_69f33534310e0\" class=\"forminator-select--field forminator-select2 forminator-select2-multiple\" data-required=\"\" name=\"select-1\" data-default-value=\"\" data-hidden-behavior=\"zero\" data-placeholder=\"\" data-search=\"false\" data-search-placeholder=\"\" data-checkbox=\"false\" data-allow-clear=\"false\" aria-labelledby=\"forminator-form-5378__field--select-1_69f33534310e0-label\"><option value=\"one\"  data-calculation=\"0\">Une soci\u00e9t\u00e9<\/option><option value=\"two\"  data-calculation=\"0\">Un particulier<\/option><\/select><\/div><\/div><div id=\"text-1\" class=\"forminator-field-text forminator-col forminator-col-6 \"><div class=\"forminator-field\"><label for=\"forminator-field-text-1_69f33534310e0\" id=\"forminator-field-text-1_69f33534310e0-label\" class=\"forminator-label\">Entreprise<\/label><input type=\"text\" name=\"text-1\" value=\"\" placeholder=\"\" id=\"forminator-field-text-1_69f33534310e0\" class=\"forminator-input forminator-name--field\" data-required=\"\" \/><\/div><\/div><\/div><div class=\"forminator-row\"><div id=\"text-2\" class=\"forminator-field-text forminator-col forminator-col-12 \"><div class=\"forminator-field\"><label for=\"forminator-field-text-2_69f33534310e0\" id=\"forminator-field-text-2_69f33534310e0-label\" class=\"forminator-label\">Ville<\/label><input type=\"text\" name=\"text-2\" value=\"\" placeholder=\"\" id=\"forminator-field-text-2_69f33534310e0\" class=\"forminator-input forminator-name--field\" data-required=\"\" \/><\/div><\/div><\/div><div class=\"forminator-row\"><div id=\"checkbox-1\" class=\"forminator-field-checkbox forminator-col forminator-col-12 \"><div role=\"group\" class=\"forminator-field\" aria-labelledby=\"forminator-checkbox-group-forminator-field-checkbox-1-69f33534310e0-label\"><label id=\"forminator-field-checkbox-1-1-69f33534310e0-label\" for=\"forminator-field-checkbox-1-1-69f33534310e0\" class=\"forminator-checkbox\" title=\"J&#039;accepte de recevoir des informations et offres promotionnelles de la part de CVS\"><input type=\"checkbox\" name=\"checkbox-1[]\" value=\"J&#039;accepte-de-recevoir-des-informations-et-offres-promotionnelles-de-la-part-de-CVS\" id=\"forminator-field-checkbox-1-1-69f33534310e0\" aria-labelledby=\"forminator-field-checkbox-1-1-69f33534310e0-label\" data-calculation=\"0\"   data-hidden-behavior=\"zero\"\/><span class=\"forminator-checkbox-box\" aria-hidden=\"true\"><\/span><span class=\"forminator-checkbox-label\">J'accepte de recevoir des informations et offres promotionnelles de la part de CVS<\/span><\/label><label id=\"forminator-field-checkbox-1-2-69f33534310e0-label\" for=\"forminator-field-checkbox-1-2-69f33534310e0\" class=\"forminator-checkbox\" title=\"J\u2019ai pris connaissance de la Politique de donn\u00e9es personnelles\"><input type=\"checkbox\" name=\"checkbox-1[]\" value=\"J\u2019ai-pris-connaissance-de-la-Politique-de-donn\u00e9es-personnelles\" id=\"forminator-field-checkbox-1-2-69f33534310e0\" aria-labelledby=\"forminator-field-checkbox-1-2-69f33534310e0-label\" data-calculation=\"0\"   data-hidden-behavior=\"zero\"\/><span class=\"forminator-checkbox-box\" aria-hidden=\"true\"><\/span><span class=\"forminator-checkbox-label\">J\u2019ai pris connaissance de la Politique de donn\u00e9es personnelles<\/span><\/label><\/div><\/div><\/div><div class=\"forminator-row\" style=\"margin: 0;\"><div id=\"captcha-1\" class=\"forminator-field-captcha  forminator-col-12 \"><div class=\"forminator-captcha-left forminator-g-recaptcha recaptcha-invisible\" data-theme=\"light\" data-badge=\"inline\" data-sitekey=\"6LehDN0pAAAAAD1uAwxKz-lMDuJEx1WmooFJnuKb\" data-size=\"invisible\"><\/div> <\/div><\/div><div class=\"forminator-row forminator-hidden\"><div id=\"hidden-1\" class=\"forminator-field-hidden  forminator-col-12 \"><input type=\"hidden\" id=\"hidden-1_69f33534310e0\" name=\"hidden-1\" value=\"ENVOYE#NON\" \/><\/div><\/div><input type=\"hidden\" name=\"referer_url\" value=\"\" \/><div class=\"forminator-row forminator-row-last\"><div class=\"forminator-col\"><div class=\"forminator-field\"><button class=\"forminator-button forminator-button-submit\">Envoyer<\/button><\/div><\/div><\/div><input type=\"hidden\" id=\"forminator_nonce\" name=\"forminator_nonce\" value=\"38249ef5e7\" \/><input type=\"hidden\" name=\"_wp_http_referer\" value=\"\/en\/wp-json\/wp\/v2\/pages\/4669\" \/><input type=\"hidden\" name=\"form_id\" value=\"5378\"><input type=\"hidden\" name=\"page_id\" value=\"4669\"><input type=\"hidden\" name=\"form_type\" value=\"default\"><input type=\"hidden\" name=\"current_url\" value=\"https:\/\/www.cvs-avocats.com\/en\/newsletter\/\"><input type=\"hidden\" name=\"render_id\" value=\"0\"><input type=\"hidden\" name=\"action\" value=\"forminator_submit_form_custom-forms\"><\/form><\/div>\n\n\n\n<p>Votre adresse email est uniquement utilis\u00e9e aux fins de l\u2019envoi des lettres d\u2019information de Cornet Vincent S\u00e9gurel, dans le domaine d\u2019int\u00e9r\u00eat s\u00e9lectionn\u00e9, ainsi que des offres promotionnelles du Cabinet. Vous pouvez \u00e0 tout moment utiliser le lien de d\u00e9sabonnement int\u00e9gr\u00e9 \u00e0 la newsletter.<\/p>\n\n\n\n<p>Pour plus d\u2019informations sur la gestion de vos Donn\u00e9es personnelles, veuillez consulter notre\u00a0<a href=\"https:\/\/www.cvs-avocats.com\/fr\/politique-confidentialite\/politique-de-confidentialite\/\">politique de confidentialit\u00e9<\/a><\/p>\n<\/div><\/div>\n","protected":false},"excerpt":{"rendered":"<p>Votre adresse email est uniquement utilis\u00e9e aux fins de l\u2019envoi des lettres d\u2019information de Cornet Vincent S\u00e9gurel, dans le domaine d\u2019int\u00e9r\u00eat s\u00e9lectionn\u00e9, ainsi que des offres promotionnelles du Cabinet. Vous pouvez \u00e0 tout moment utiliser le lien de d\u00e9sabonnement int\u00e9gr\u00e9 \u00e0 la newsletter. Pour plus d\u2019informations sur la gestion de vos Donn\u00e9es personnelles, veuillez consulter [&hellip;]<\/p>\n","protected":false},"author":1,"featured_media":0,"parent":0,"menu_order":0,"comment_status":"closed","ping_status":"closed","template":"","meta":{"_acf_changed":false,"footnotes":""},"class_list":["post-4669","page","type-page","status-publish","hentry"],"acf":[],"_links":{"self":[{"href":"https:\/\/www.cvs-avocats.com\/en\/wp-json\/wp\/v2\/pages\/4669","targetHints":{"allow":["GET"]}}],"collection":[{"href":"https:\/\/www.cvs-avocats.com\/en\/wp-json\/wp\/v2\/pages"}],"about":[{"href":"https:\/\/www.cvs-avocats.com\/en\/wp-json\/wp\/v2\/types\/page"}],"author":[{"embeddable":true,"href":"https:\/\/www.cvs-avocats.com\/en\/wp-json\/wp\/v2\/users\/1"}],"replies":[{"embeddable":true,"href":"https:\/\/www.cvs-avocats.com\/en\/wp-json\/wp\/v2\/comments?post=4669"}],"version-history":[{"count":0,"href":"https:\/\/www.cvs-avocats.com\/en\/wp-json\/wp\/v2\/pages\/4669\/revisions"}],"wp:attachment":[{"href":"https:\/\/www.cvs-avocats.com\/en\/wp-json\/wp\/v2\/media?parent=4669"}],"curies":[{"name":"wp","href":"https:\/\/api.w.org\/{rel}","templated":true}]}}